{"id":16189,"date":"2018-10-08T09:31:49","date_gmt":"2018-10-08T09:31:49","guid":{"rendered":"http:\/\/martinaschachenhuber.at\/wp\/?page_id=16189"},"modified":"2018-10-08T11:36:37","modified_gmt":"2018-10-08T11:36:37","slug":"impressum","status":"publish","type":"page","link":"https:\/\/martinaschachenhuber.at\/wp\/impressum\/","title":{"rendered":"Impressum"},"content":{"rendered":"<p>[vc_row css_animation=&#8220;&#8220; row_type=&#8220;row&#8220; use_row_as_full_screen_section=&#8220;no&#8220; type=&#8220;full_width&#8220; angled_section=&#8220;no&#8220; text_align=&#8220;left&#8220; background_image_as_pattern=&#8220;without_pattern&#8220;][vc_column][vc_column_text]<\/p>\n<h6>Martina Schachenhuber<\/h6>\n<p>[\/vc_column_text][vc_separator type=&#8220;transparent&#8220;][vc_column_text]Meyereckstra\u00dfe 3<\/p>\n<p>3500 Krems<\/p>\n<p><a href=\"hello@martinaschachenhuber.at\">hello@martinaschachenhuber.at<\/a><\/p>\n<p>+43 650 6070509[\/vc_column_text][vc_separator type=&#8220;transparent&#8220;][vc_column_text]Alle Bilder auf dieser Website sind das Eigentum von \u00a9 Martina Schachenhuber.[\/vc_column_text][vc_separator type=&#8220;transparent&#8220;][vc_column_text]<\/p>\n<h5>Offenlegung gem\u00e4\u00df \u00a7 24 bzw. \u00a7 25 Mediengesetz, sowie Angaben gem\u00e4\u00df \u00a7 5 ECG<\/h5>\n<p>[\/vc_column_text][vc_separator type=&#8220;transparent&#8220;][vc_column_text]<strong>Datenschutzerkl\u00e4rung<\/strong><\/p>\n<p>Der Schutz Ihrer pers\u00f6nlichen Daten ist mir ein besonderes Anliegen. Wir verarbeiten Ihre Daten daher ausschlie\u00dflich auf Grundlage der gesetzlichen Bestimmungen (DSGVO, TKG 2003). In diesen Datenschutzinformationen informieren wir Sie \u00fcber die wichtigsten Aspekte der Datenverarbeitung im Rahmen unserer Website.[\/vc_column_text][vc_separator type=&#8220;transparent&#8220;][vc_column_text]<strong>Kontakt<\/strong><\/p>\n<p>Wenn Sie per Formular auf der Website oder per E-Mail Kontakt mit mir aufnehmen, werden Ihre angegebenen Daten zwecks Bearbeitung der Anfrage und f\u00fcr den Fall von Anschlussfragen sechs Monate bei uns gespeichert. Diese Daten gebe ich nicht ohne Ihre Einwilligung weiter.[\/vc_column_text][vc_separator type=&#8220;transparent&#8220;][vc_column_text]<strong>Web-Analyse<\/strong><\/p>\n<p>Meine Website verwendet Funktionen des Webanalysedienstes Google Analytics. Anbieter ist die Google Inc., 1600 Amphitheatre Parkway Mountain View, CA 94043, USA. Dazu werden Cookies verwendet, die eine Analyse der Benutzung der Website durch ihre Benutzer erm\u00f6glicht. Die dadurch erzeugten Informationen werden auf den Server des Anbieters \u00fcbertragen und dort gespeichert. Sie k\u00f6nnen dies verhindern, indem Sie Ihren Browser so einrichten, dass keine Cookies gespeichert werden. Wir haben mit dem Anbieter einen entsprechenden Vertrag zur Auftragsdatenverarbeitung abgeschlossen.[\/vc_column_text][vc_separator type=&#8220;transparent&#8220;][vc_column_text]<strong>Links<\/strong><\/p>\n<p>Diese Website enth\u00e4lt Links zu anderen Websites oder Social Media Sites. Wenn Sie auf einen solchen Link klicken, der zu Websites von Dritten f\u00fchrt, ist zu beachten, dass diese Websites eigene Datenschutzbestimmungen haben. Bitte \u00fcberpr\u00fcfen Sie die Datenschutzbestimmungen bei Verwendung dieser Websites, da wir keine wie immer gearteten Verantwortung oder Haftung von Dritten \u00fcbernehmen.[\/vc_column_text][vc_separator type=&#8220;transparent&#8220;][vc_column_text]<\/p>\n<p><strong>Ihre Rechte<\/strong><\/p>\n<p>Ihnen stehen grunds\u00e4tzlich die Rechte auf Auskunft, Berichtigung, L\u00f6schung, Einschr\u00e4nkung, Daten\u00fcbertragbarkeit, Widerruf und Widerspruch zu. Wenn Sie glauben, dass die Verarbeitung Ihrer Daten gegen das Datenschutzrecht verst\u00f6\u00dft oder Ihre datenschutzrechtlichen Anspr\u00fcche sonst in einer Weise verletzt worden sind, k\u00f6nnen Sie sich bei der Aufsichtsbeh\u00f6rde beschweren. In \u00d6sterreich ist dies die Datenschutzbeh\u00f6rde.[\/vc_column_text][vc_separator type=&#8220;transparent&#8220;][vc_column_text]<\/p>\n<h5>Stand: Oktober 2018<\/h5>\n<p>[\/vc_column_text][vc_separator type=&#8220;transparent&#8220;][\/vc_column][\/vc_row]<\/p>\n","protected":false},"excerpt":{"rendered":"<p>[vc_row css_animation=&#8220;&#8220; row_type=&#8220;row&#8220; use_row_as_full_screen_section=&#8220;no&#8220; type=&#8220;full_width&#8220; angled_section=&#8220;no&#8220; text_align=&#8220;left&#8220; background_image_as_pattern=&#8220;without_pattern&#8220;][vc_column][vc_column_text] Martina Schachenhuber [\/vc_column_text][vc_separator type=&#8220;transparent&#8220;][vc_column_text]Meyereckstra\u00dfe 3 3500 Krems hello@martinaschachenhuber.at +43 650 6070509[\/vc_column_text][vc_separator type=&#8220;transparent&#8220;][vc_column_text]Alle Bilder auf dieser Website sind das Eigentum von \u00a9 Martina Schachenhuber.[\/vc_column_text][vc_separator type=&#8220;transparent&#8220;][vc_column_text] Offenlegung gem\u00e4\u00df \u00a7 24 bzw. \u00a7 25 Mediengesetz, sowie Angaben gem\u00e4\u00df \u00a7 5&#8230;<\/p>\n","protected":false},"author":1,"featured_media":0,"parent":0,"menu_order":0,"comment_status":"closed","ping_status":"closed","template":"","meta":{"_monsterinsights_skip_tracking":false,"_monsterinsights_sitenote_active":false,"_monsterinsights_sitenote_note":"","_monsterinsights_sitenote_category":0,"footnotes":""},"class_list":["post-16189","page","type-page","status-publish","hentry"],"_links":{"self":[{"href":"https:\/\/martinaschachenhuber.at\/wp\/wp-json\/wp\/v2\/pages\/16189","targetHints":{"allow":["GET"]}}],"collection":[{"href":"https:\/\/martinaschachenhuber.at\/wp\/wp-json\/wp\/v2\/pages"}],"about":[{"href":"https:\/\/martinaschachenhuber.at\/wp\/wp-json\/wp\/v2\/types\/page"}],"author":[{"embeddable":true,"href":"https:\/\/martinaschachenhuber.at\/wp\/wp-json\/wp\/v2\/users\/1"}],"replies":[{"embeddable":true,"href":"https:\/\/martinaschachenhuber.at\/wp\/wp-json\/wp\/v2\/comments?post=16189"}],"version-history":[{"count":21,"href":"https:\/\/martinaschachenhuber.at\/wp\/wp-json\/wp\/v2\/pages\/16189\/revisions"}],"predecessor-version":[{"id":16213,"href":"https:\/\/martinaschachenhuber.at\/wp\/wp-json\/wp\/v2\/pages\/16189\/revisions\/16213"}],"wp:attachment":[{"href":"https:\/\/martinaschachenhuber.at\/wp\/wp-json\/wp\/v2\/media?parent=16189"}],"curies":[{"name":"wp","href":"https:\/\/api.w.org\/{rel}","templated":true}]}}